{"id":9085,"date":"2023-10-22T01:41:54","date_gmt":"2023-10-22T01:41:54","guid":{"rendered":"https:\/\/aguirrecarlos.com\/?page_id=9085"},"modified":"2023-12-04T15:05:38","modified_gmt":"2023-12-04T15:05:38","slug":"galeria-de-eventos","status":"publish","type":"page","link":"https:\/\/aguirrecarlos.com\/en\/galeria-de-eventos\/","title":{"rendered":"Galer\u00eda de eventos"},"content":{"rendered":"<div data-elementor-type=\"wp-page\" data-elementor-id=\"9085\" class=\"elementor elementor-9085\">\n\t\t\t\t<div class=\"elementor-element elementor-element-c880af6 e-flex e-con-boxed e-con e-parent\" data-id=\"c880af6\" data-element_type=\"container\" data-settings=\"{&quot;background_background&quot;:&quot;classic&quot;}\">\n\t\t\t\t\t<div class=\"e-con-inner\">\n\t\t\t\t<div class=\"elementor-element elementor-element-9f580d4 elementor-widget elementor-widget-heading\" data-id=\"9f580d4\" data-element_type=\"widget\" data-widget_type=\"heading.default\">\n\t\t\t\t<div class=\"elementor-widget-container\">\n\t\t\t\t\t<h2 class=\"elementor-heading-title elementor-size-default\">Galer\u00eda de eventos<\/h2>\t\t\t\t<\/div>\n\t\t\t\t<\/div>\n\t\t\t\t\t<\/div>\n\t\t\t\t<\/div>\n\t\t\t\t<section class=\"elementor-section elementor-top-section elementor-element elementor-element-4c8cb91 elementor-section-boxed elementor-section-height-default elementor-section-height-default\" data-id=\"4c8cb91\" data-element_type=\"section\" data-settings=\"{&quot;background_background&quot;:&quot;classic&quot;}\">\n\t\t\t\t\t\t<div class=\"elementor-container elementor-column-gap-default\">\n\t\t\t\t\t<div class=\"elementor-column elementor-col-100 elementor-top-column elementor-element elementor-element-1c070ef\" data-id=\"1c070ef\" data-element_type=\"column\">\n\t\t\t<div class=\"elementor-widget-wrap elementor-element-populated\">\n\t\t\t\t\t\t<div class=\"elementor-element elementor-element-67ee06b elementor-widget elementor-widget-impeka_blog_carousel\" data-id=\"67ee06b\" data-element_type=\"widget\" data-widget_type=\"impeka_blog_carousel.default\">\n\t\t\t\t<div class=\"elementor-widget-container\">\n\t\t\t\t\t<div class=\"grve-element grve-carousel\">\r\n\t<div class=\"grve-carousel-wrapper\">\r\n\t\t\t\t<div data-items=\"3\" data-items-tablet-landscape=\"3\" data-items-tablet-portrait=\"3\" data-items-mobile=\"1\" data-slider-autoplay=\"yes\" data-pagination=\"yes\" data-slider-loop=\"yes\" class=\"grve-carousel-element grve-blog-carousel grve-blog-columns grve-flickity-carousel flickity\">\r\n\t\t\t<article class=\"grve-carousel-item post-9101 post type-post status-publish format-standard has-post-thumbnail hentry category-sin-categoria grve-entry-item grve-blog-item\" itemscope itemtype=\"http:\/\/schema.org\/BlogPosting\">\r\n\t\t\t\t<div class=\"grve-post-item grve-style-1 grve-format-standard\">\r\n\t<div class=\"grve-post-item-inner\">\r\n\t\t<div class=\"grve-post-top\">\r\n\t\t\t\t\t\t<div class=\"grve-post-media grve-radius-none grve-shadow-none\">\r\n\t\t\t\t\t\t\t<a class=\"grve-item-url\" href=\"https:\/\/aguirrecarlos.com\/en\/las-vegas-octubre-2023\/\" rel=\"bookmark\"><span class=\"screen-reader-text\">Las Vegas &#8211; Octubre 2023<\/span><\/a>\r\n\t\t\t\t<div class=\"grve-thumbnail-wrapper\"><div class=\"grve-thumbnail\"  style=\"padding-top: 75%;\"><img fetchpriority=\"high\" decoding=\"async\" width=\"560\" height=\"420\" src=\"https:\/\/aguirrecarlos.com\/wp-content\/uploads\/2023\/10\/Las-vegas2-560x420.jpeg\" class=\"attachment-impeka-grve-small-rect-horizontal size-impeka-grve-small-rect-horizontal wp-post-image\" alt=\"\" data-column-space=\"100\" data-lazyload=\"\" data-grve-filter=\"yes\" \/><\/div><\/div>\t\t\t<\/div>\r\n\t\t\t\t\t\t\t\t\t<div class=\"grve-post-content\">\r\n\t\t\t\t\t\t\t\t<a href=\"https:\/\/aguirrecarlos.com\/en\/las-vegas-octubre-2023\/\" rel=\"bookmark\"><h5 class=\"grve-post-title grve-h5\" itemprop=\"headline\"><span>Las Vegas &#8211; Octubre 2023<\/span><\/h5><\/a>\t\t\t\t<div class=\"grve-post-exerpt\" itemprop=\"articleBody\">\r\n\t\t\t\t\t<a class=\"grve-read-more grve-link-text\" href=\"https:\/\/aguirrecarlos.com\/en\/las-vegas-octubre-2023\/\"><span>Ver im\u00e1genes<\/span>\t\t\t\t<svg width=\"40px\" height=\"16px\" viewbox=\"0 0 40 16\">\r\n\t\t\t\t\t<polygon class=\"grve-arrow-line\" points=\"0 7 38 7 38 9 0 9\"><\/polygon>\r\n\t\t\t\t\t<polygon class=\"grve-arrow-point\" points=\"31.3481912 0 40 8 31.3481912 16 30 14.5816219 37.1 8 30 1.41837809\"><\/polygon>\r\n\t\t\t\t<\/svg>\r\n\t\t\t<\/a>\t\t\t\t<\/div>\r\n\t\t\t<\/div>\r\n\t\t<\/div>\r\n\t\t\t<\/div>\r\n\t\t\t<span class=\"grve-hidden\">\r\n\t\t\t<span class=\"grve-structured-data\" itemprop=\"image\" itemscope itemtype=\"http:\/\/schema.org\/ImageObject\">\r\n\t\t\t   <span itemprop='url' >https:\/\/aguirrecarlos.com\/wp-content\/uploads\/2023\/10\/Las-vegas2.jpeg<\/span>\r\n\t\t\t   <span itemprop='height' >822<\/span>\r\n\t\t\t   <span itemprop='width' >1024<\/span>\r\n\t\t\t<\/span>\r\n\t\t\t\t\t\t<span class=\"grve-structured-data\" itemprop=\"author\" itemscope itemtype=\"http:\/\/schema.org\/Person\">\r\n\t\t\t\t<span itemprop=\"name\">Carlos Aguirre<\/span>\r\n\t\t\t<\/span>\r\n\t\t\t<span class=\"grve-structured-data\" itemprop=\"publisher\" itemscope itemtype=\"http:\/\/schema.org\/Organization\">\r\n\t\t\t\t<span itemprop='name'>Carlos Aguirre<\/span>\r\n\t\t\t\t<span itemprop='logo' itemscope itemtype='http:\/\/schema.org\/ImageObject'>\r\n\t\t\t\t\t<span itemprop='url'>https:\/\/aguirrecarlos.com\/wp-content\/uploads\/2023\/10\/Las-vegas2.jpeg<\/span>\r\n\t\t\t\t<\/span>\r\n\t\t\t<\/span>\r\n\t\t\t\t\t\t<time class=\"grve-structured-data\" itemprop=\"datePublished\" datetime=\"2023-10-22T01:51:15+00:00\">22 October, 2023<\/time>\r\n\t\t\t<time class=\"grve-structured-data\" itemprop=\"dateModified\"  datetime=\"2025-04-29T02:41:10+00:00\">29 April, 2025<\/time>\r\n\t\t\t<span class=\"grve-structured-data\" itemprop=\"mainEntityOfPage\" itemscope itemtype=\"http:\/\/schema.org\/WebPage\" itemid=\"https:\/\/aguirrecarlos.com\/en\/las-vegas-octubre-2023\/\"><\/span>\r\n\t\t<\/span>\r\n\t<\/div>\r\n\t\t\t<\/article>\r\n\t\t<\/div>\r\n\t<\/div>\r\n<\/div>\r\n\t\t\t\t<\/div>\n\t\t\t\t<\/div>\n\t\t\t\t<div class=\"elementor-element elementor-element-4d5ae99 elementor-widget elementor-widget-spacer\" data-id=\"4d5ae99\" data-element_type=\"widget\" data-widget_type=\"spacer.default\">\n\t\t\t\t<div class=\"elementor-widget-container\">\n\t\t\t\t\t\t\t<div class=\"elementor-spacer\">\n\t\t\t<div class=\"elementor-spacer-inner\"><\/div>\n\t\t<\/div>\n\t\t\t\t\t\t<\/div>\n\t\t\t\t<\/div>\n\t\t\t\t\t<\/div>\n\t\t<\/div>\n\t\t\t\t\t<\/div>\n\t\t<\/section>\n\t\t\t\t<footer class=\"elementor-section elementor-top-section elementor-element elementor-element-b495dd8 elementor-section-boxed elementor-section-height-default elementor-section-height-default\" data-id=\"b495dd8\" data-element_type=\"section\" data-settings=\"{&quot;background_background&quot;:&quot;classic&quot;}\">\n\t\t\t\t\t\t<div class=\"elementor-container elementor-column-gap-default\">\n\t\t\t\t\t<div class=\"elementor-column elementor-col-100 elementor-top-column elementor-element elementor-element-7fa131b\" data-id=\"7fa131b\" data-element_type=\"column\">\n\t\t\t<div class=\"elementor-widget-wrap elementor-element-populated\">\n\t\t\t\t\t\t<section class=\"elementor-section elementor-inner-section elementor-element elementor-element-2945a3c elementor-section-boxed elementor-section-height-default elementor-section-height-default\" data-id=\"2945a3c\" data-element_type=\"section\">\n\t\t\t\t\t\t<div class=\"elementor-container elementor-column-gap-default\">\n\t\t\t\t\t<div class=\"elementor-column elementor-col-33 elementor-inner-column elementor-element elementor-element-7e93f25\" data-id=\"7e93f25\" data-element_type=\"column\">\n\t\t\t<div class=\"elementor-widget-wrap elementor-element-populated\">\n\t\t\t\t\t\t<div class=\"elementor-element elementor-element-c04d3d2 elementor-widget__width-auto animated-slow elementor-invisible elementor-widget elementor-widget-image\" data-id=\"c04d3d2\" data-element_type=\"widget\" data-settings=\"{&quot;_animation&quot;:&quot;fadeIn&quot;}\" data-widget_type=\"image.default\">\n\t\t\t\t<div class=\"elementor-widget-container\">\n\t\t\t\t\t\t\t\t\t\t\t\t\t\t\t\t<a href=\"https:\/\/aguirrecarlos.com\/en\/home\/\">\n\t\t\t\t\t\t\t<img decoding=\"async\" width=\"256\" height=\"94\" src=\"https:\/\/aguirrecarlos.com\/wp-content\/uploads\/2023\/09\/carlos-aguirre-logo-b.png\" class=\"attachment-large size-large wp-image-8124\" alt=\"\" \/>\t\t\t\t\t\t\t\t<\/a>\n\t\t\t\t\t\t\t\t\t\t\t\t\t\t\t<\/div>\n\t\t\t\t<\/div>\n\t\t\t\t\t<\/div>\n\t\t<\/div>\n\t\t\t\t<div class=\"elementor-column elementor-col-33 elementor-inner-column elementor-element elementor-element-65dff3b\" data-id=\"65dff3b\" data-element_type=\"column\">\n\t\t\t<div class=\"elementor-widget-wrap elementor-element-populated\">\n\t\t\t\t\t\t<div class=\"elementor-element elementor-element-f75754a elementor-invisible elementor-widget elementor-widget-heading\" data-id=\"f75754a\" data-element_type=\"widget\" data-settings=\"{&quot;_animation&quot;:&quot;fadeInDown&quot;}\" data-widget_type=\"heading.default\">\n\t\t\t\t<div class=\"elementor-widget-container\">\n\t\t\t\t\t<h5 class=\"elementor-heading-title elementor-size-default\">Contact<\/h5>\t\t\t\t<\/div>\n\t\t\t\t<\/div>\n\t\t\t\t<div class=\"elementor-element elementor-element-15b0b50 elementor-align-left elementor-icon-list--layout-traditional elementor-list-item-link-full_width elementor-invisible elementor-widget elementor-widget-icon-list\" data-id=\"15b0b50\" data-element_type=\"widget\" data-settings=\"{&quot;_animation&quot;:&quot;fadeInUp&quot;}\" data-widget_type=\"icon-list.default\">\n\t\t\t\t<div class=\"elementor-widget-container\">\n\t\t\t\t\t\t\t<ul class=\"elementor-icon-list-items\">\n\t\t\t\t\t\t\t<li class=\"elementor-icon-list-item\">\n\t\t\t\t\t\t\t\t\t\t\t<a href=\"mailto:carlos@aguirrecarlos.com\">\n\n\t\t\t\t\t\t\t\t\t\t\t\t<span class=\"elementor-icon-list-icon\">\n\t\t\t\t\t\t\t<i aria-hidden=\"true\" class=\"far fa-envelope\"><\/i>\t\t\t\t\t\t<\/span>\n\t\t\t\t\t\t\t\t\t\t<span class=\"elementor-icon-list-text\">carlos@aguirrecarlos.com<\/span>\n\t\t\t\t\t\t\t\t\t\t\t<\/a>\n\t\t\t\t\t\t\t\t\t<\/li>\n\t\t\t\t\t\t\t\t<li class=\"elementor-icon-list-item\">\n\t\t\t\t\t\t\t\t\t\t\t<a href=\"tel:33%201916%202096\">\n\n\t\t\t\t\t\t\t\t\t\t\t\t<span class=\"elementor-icon-list-icon\">\n\t\t\t\t\t\t\t<i aria-hidden=\"true\" class=\"fas fa-phone-alt\"><\/i>\t\t\t\t\t\t<\/span>\n\t\t\t\t\t\t\t\t\t\t<span class=\"elementor-icon-list-text\">33 1916 2096<\/span>\n\t\t\t\t\t\t\t\t\t\t\t<\/a>\n\t\t\t\t\t\t\t\t\t<\/li>\n\t\t\t\t\t\t<\/ul>\n\t\t\t\t\t\t<\/div>\n\t\t\t\t<\/div>\n\t\t\t\t\t<\/div>\n\t\t<\/div>\n\t\t\t\t<div class=\"elementor-column elementor-col-33 elementor-inner-column elementor-element elementor-element-b32d22a\" data-id=\"b32d22a\" data-element_type=\"column\">\n\t\t\t<div class=\"elementor-widget-wrap elementor-element-populated\">\n\t\t\t\t\t\t<div class=\"elementor-element elementor-element-9f95fa7 elementor-invisible elementor-widget elementor-widget-heading\" data-id=\"9f95fa7\" data-element_type=\"widget\" data-settings=\"{&quot;_animation&quot;:&quot;fadeInDown&quot;}\" data-widget_type=\"heading.default\">\n\t\t\t\t<div class=\"elementor-widget-container\">\n\t\t\t\t\t<h5 class=\"elementor-heading-title elementor-size-default\">S\u00edgueme<\/h5>\t\t\t\t<\/div>\n\t\t\t\t<\/div>\n\t\t\t\t<div class=\"elementor-element elementor-element-fff757a elementor-shape-circle elementor-grid-6 elementor-invisible elementor-widget elementor-widget-social-icons\" data-id=\"fff757a\" data-element_type=\"widget\" data-settings=\"{&quot;_animation&quot;:&quot;fadeInDown&quot;,&quot;_animation_delay&quot;:400}\" data-widget_type=\"social-icons.default\">\n\t\t\t\t<div class=\"elementor-widget-container\">\n\t\t\t\t\t\t\t<div class=\"elementor-social-icons-wrapper elementor-grid\" role=\"list\">\n\t\t\t\t\t\t\t<span class=\"elementor-grid-item\" role=\"listitem\">\n\t\t\t\t\t<a class=\"elementor-icon elementor-social-icon elementor-social-icon-facebook elementor-repeater-item-79810e3\" href=\"https:\/\/www.facebook.com\/carlosaguirreonline\" target=\"_blank\">\n\t\t\t\t\t\t<span class=\"elementor-screen-only\">Facebook<\/span>\n\t\t\t\t\t\t<i aria-hidden=\"true\" class=\"fab fa-facebook\"><\/i>\t\t\t\t\t<\/a>\n\t\t\t\t<\/span>\n\t\t\t\t\t\t\t<span class=\"elementor-grid-item\" role=\"listitem\">\n\t\t\t\t\t<a class=\"elementor-icon elementor-social-icon elementor-social-icon-twitter elementor-repeater-item-301e9d3\" href=\"https:\/\/twitter.com\/aguirreonline\" target=\"_blank\">\n\t\t\t\t\t\t<span class=\"elementor-screen-only\">Twitter<\/span>\n\t\t\t\t\t\t<i aria-hidden=\"true\" class=\"fab fa-twitter\"><\/i>\t\t\t\t\t<\/a>\n\t\t\t\t<\/span>\n\t\t\t\t\t\t\t<span class=\"elementor-grid-item\" role=\"listitem\">\n\t\t\t\t\t<a class=\"elementor-icon elementor-social-icon elementor-social-icon-linkedin elementor-repeater-item-994c1e8\" href=\"https:\/\/www.linkedin.com\/in\/carlos-aguirre-51b1bb143\/\" target=\"_blank\">\n\t\t\t\t\t\t<span class=\"elementor-screen-only\">Linkedin<\/span>\n\t\t\t\t\t\t<i aria-hidden=\"true\" class=\"fab fa-linkedin\"><\/i>\t\t\t\t\t<\/a>\n\t\t\t\t<\/span>\n\t\t\t\t\t\t\t<span class=\"elementor-grid-item\" role=\"listitem\">\n\t\t\t\t\t<a class=\"elementor-icon elementor-social-icon elementor-social-icon-instagram elementor-repeater-item-d7c4e69\" href=\"https:\/\/www.instagram.com\/carlosaguirreonline\" target=\"_blank\">\n\t\t\t\t\t\t<span class=\"elementor-screen-only\">Instagram<\/span>\n\t\t\t\t\t\t<i aria-hidden=\"true\" class=\"fab fa-instagram\"><\/i>\t\t\t\t\t<\/a>\n\t\t\t\t<\/span>\n\t\t\t\t\t\t\t<span class=\"elementor-grid-item\" role=\"listitem\">\n\t\t\t\t\t<a class=\"elementor-icon elementor-social-icon elementor-social-icon-youtube elementor-repeater-item-40bab31\" href=\"https:\/\/www.youtube.com\/@carlosaguirreonline\" target=\"_blank\">\n\t\t\t\t\t\t<span class=\"elementor-screen-only\">Youtube<\/span>\n\t\t\t\t\t\t<i aria-hidden=\"true\" class=\"fab fa-youtube\"><\/i>\t\t\t\t\t<\/a>\n\t\t\t\t<\/span>\n\t\t\t\t\t<\/div>\n\t\t\t\t\t\t<\/div>\n\t\t\t\t<\/div>\n\t\t\t\t\t<\/div>\n\t\t<\/div>\n\t\t\t\t\t<\/div>\n\t\t<\/section>\n\t\t\t\t\t<\/div>\n\t\t<\/div>\n\t\t\t\t\t<\/div>\n\t\t<\/footer>\n\t\t<div class=\"elementor-element elementor-element-a11ed77 e-flex e-con-boxed e-con e-parent\" data-id=\"a11ed77\" data-element_type=\"container\" data-settings=\"{&quot;background_background&quot;:&quot;classic&quot;}\">\n\t\t\t\t\t<div class=\"e-con-inner\">\n\t\t\t\t<div class=\"elementor-element elementor-element-e51257b elementor-widget elementor-widget-text-editor\" data-id=\"e51257b\" data-element_type=\"widget\" data-widget_type=\"text-editor.default\">\n\t\t\t\t<div class=\"elementor-widget-container\">\n\t\t\t\t\t\t\t\t\t<p>All rights reserved \u00a9 Carlos Aguirre<\/p>\t\t\t\t\t\t\t\t<\/div>\n\t\t\t\t<\/div>\n\t\t\t\t\t<\/div>\n\t\t\t\t<\/div>\n\t\t\t\t<\/div>","protected":false},"excerpt":{"rendered":"<p>Galer\u00eda de eventos Las Vegas &#8211; Octubre 2023 Las Vegas &#8211; Octubre 2023 Ver im\u00e1genes https:\/\/aguirrecarlos.com\/wp-content\/uploads\/2023\/10\/Las-vegas2.jpeg 822 1024 Carlos Aguirre Carlos Aguirre https:\/\/aguirrecarlos.com\/wp-content\/uploads\/2023\/10\/Las-vegas2.jpeg 22 octubre, 2023 26 octubre, 2023 Contacto [&hellip;]<\/p>","protected":false},"author":1,"featured_media":8218,"parent":0,"menu_order":0,"comment_status":"closed","ping_status":"closed","template":"","meta":{"footnotes":""},"class_list":["post-9085","page","type-page","status-publish","has-post-thumbnail","hentry","grve-entry-item"],"yoast_head":"<!-- This site is optimized with the Yoast SEO plugin v26.2 - https:\/\/yoast.com\/wordpress\/plugins\/seo\/ -->\n<title>Galer\u00eda de eventos - Carlos Aguirre<\/title>\n<meta name=\"robots\" content=\"index, follow, max-snippet:-1, max-image-preview:large, max-video-preview:-1\" \/>\n<link rel=\"canonical\" href=\"https:\/\/aguirrecarlos.com\/en\/galeria-de-eventos\/\" \/>\n<meta property=\"og:locale\" content=\"en_US\" \/>\n<meta property=\"og:type\" content=\"article\" \/>\n<meta property=\"og:title\" content=\"Galer\u00eda de eventos - Carlos Aguirre\" \/>\n<meta property=\"og:description\" content=\"Galer\u00eda de eventos Las Vegas &#8211; Octubre 2023 Las Vegas &#8211; Octubre 2023 Ver im\u00e1genes https:\/\/aguirrecarlos.com\/wp-content\/uploads\/2023\/10\/Las-vegas2.jpeg 822 1024 Carlos Aguirre Carlos Aguirre https:\/\/aguirrecarlos.com\/wp-content\/uploads\/2023\/10\/Las-vegas2.jpeg 22 octubre, 2023 26 octubre, 2023 Contacto [&hellip;]\" \/>\n<meta property=\"og:url\" content=\"https:\/\/aguirrecarlos.com\/en\/galeria-de-eventos\/\" \/>\n<meta property=\"og:site_name\" content=\"Carlos Aguirre\" \/>\n<meta property=\"article:modified_time\" content=\"2023-12-04T15:05:38+00:00\" \/>\n<meta property=\"og:image\" content=\"https:\/\/aguirrecarlos.com\/wp-content\/uploads\/2023\/09\/carlos-aguirre.png\" \/>\n\t<meta property=\"og:image:width\" content=\"820\" \/>\n\t<meta property=\"og:image:height\" content=\"602\" \/>\n\t<meta property=\"og:image:type\" content=\"image\/png\" \/>\n<meta name=\"twitter:card\" content=\"summary_large_image\" \/>\n<meta name=\"twitter:site\" content=\"@aguirrejcarlos\" \/>\n<meta name=\"twitter:label1\" content=\"Est. reading time\" \/>\n\t<meta name=\"twitter:data1\" content=\"1 minute\" \/>\n<script type=\"application\/ld+json\" class=\"yoast-schema-graph\">{\"@context\":\"https:\/\/schema.org\",\"@graph\":[{\"@type\":\"WebPage\",\"@id\":\"https:\/\/aguirrecarlos.com\/galeria-de-eventos\/\",\"url\":\"https:\/\/aguirrecarlos.com\/galeria-de-eventos\/\",\"name\":\"Galer\u00eda de eventos - Carlos Aguirre\",\"isPartOf\":{\"@id\":\"https:\/\/aguirrecarlos.com\/#website\"},\"primaryImageOfPage\":{\"@id\":\"https:\/\/aguirrecarlos.com\/galeria-de-eventos\/#primaryimage\"},\"image\":{\"@id\":\"https:\/\/aguirrecarlos.com\/galeria-de-eventos\/#primaryimage\"},\"thumbnailUrl\":\"https:\/\/aguirrecarlos.com\/wp-content\/uploads\/2023\/09\/carlos-aguirre.png\",\"datePublished\":\"2023-10-22T01:41:54+00:00\",\"dateModified\":\"2023-12-04T15:05:38+00:00\",\"breadcrumb\":{\"@id\":\"https:\/\/aguirrecarlos.com\/galeria-de-eventos\/#breadcrumb\"},\"inLanguage\":\"en-US\",\"potentialAction\":[{\"@type\":\"ReadAction\",\"target\":[\"https:\/\/aguirrecarlos.com\/galeria-de-eventos\/\"]}]},{\"@type\":\"ImageObject\",\"inLanguage\":\"en-US\",\"@id\":\"https:\/\/aguirrecarlos.com\/galeria-de-eventos\/#primaryimage\",\"url\":\"https:\/\/aguirrecarlos.com\/wp-content\/uploads\/2023\/09\/carlos-aguirre.png\",\"contentUrl\":\"https:\/\/aguirrecarlos.com\/wp-content\/uploads\/2023\/09\/carlos-aguirre.png\",\"width\":820,\"height\":602},{\"@type\":\"BreadcrumbList\",\"@id\":\"https:\/\/aguirrecarlos.com\/galeria-de-eventos\/#breadcrumb\",\"itemListElement\":[{\"@type\":\"ListItem\",\"position\":1,\"name\":\"Inicio\",\"item\":\"https:\/\/aguirrecarlos.com\/\"},{\"@type\":\"ListItem\",\"position\":2,\"name\":\"Galer\u00eda de eventos\"}]},{\"@type\":\"WebSite\",\"@id\":\"https:\/\/aguirrecarlos.com\/#website\",\"url\":\"https:\/\/aguirrecarlos.com\/\",\"name\":\"Carlos Aguirre\",\"description\":\"Psicoterapeuta, Coach Ejecutivo &amp; Life Coach\",\"publisher\":{\"@id\":\"https:\/\/aguirrecarlos.com\/#\/schema\/person\/be696de68cb093e4a4b2e0a742173c76\"},\"alternateName\":\"Aguirre Carlos\",\"potentialAction\":[{\"@type\":\"SearchAction\",\"target\":{\"@type\":\"EntryPoint\",\"urlTemplate\":\"https:\/\/aguirrecarlos.com\/?s={search_term_string}\"},\"query-input\":{\"@type\":\"PropertyValueSpecification\",\"valueRequired\":true,\"valueName\":\"search_term_string\"}}],\"inLanguage\":\"en-US\"},{\"@type\":[\"Person\",\"Organization\"],\"@id\":\"https:\/\/aguirrecarlos.com\/#\/schema\/person\/be696de68cb093e4a4b2e0a742173c76\",\"name\":\"Carlos Aguirre Jim\u00e9nez\",\"image\":{\"@type\":\"ImageObject\",\"inLanguage\":\"en-US\",\"@id\":\"https:\/\/aguirrecarlos.com\/#\/schema\/person\/image\/\",\"url\":\"https:\/\/aguirrecarlos.com\/wp-content\/uploads\/2023\/09\/carlos-aguirre.png\",\"contentUrl\":\"https:\/\/aguirrecarlos.com\/wp-content\/uploads\/2023\/09\/carlos-aguirre.png\",\"width\":820,\"height\":602,\"caption\":\"Carlos Aguirre Jim\u00e9nez\"},\"logo\":{\"@id\":\"https:\/\/aguirrecarlos.com\/#\/schema\/person\/image\/\"},\"description\":\"Psicoterapeuta cl\u00ednico con entrenamiento avanzado en Hipnosis Ericksoneana por el Centro Mexicano de PNL. Coach ejecutivo y facilitador de programas de formaci\u00f3n y desarrollo de talento.\",\"sameAs\":[\"https:\/\/aguirrecarlos.com\",\"https:\/\/www.instagram.com\/carlosaguirre965\/\",\"https:\/\/www.linkedin.com\/in\/carlos-aguirre-51b1bb143\/\",\"https:\/\/x.com\/aguirrejcarlos\"]}]}<\/script>\n<!-- \/ Yoast SEO plugin. -->","yoast_head_json":{"title":"Galer\u00eda de eventos - Carlos Aguirre","robots":{"index":"index","follow":"follow","max-snippet":"max-snippet:-1","max-image-preview":"max-image-preview:large","max-video-preview":"max-video-preview:-1"},"canonical":"https:\/\/aguirrecarlos.com\/en\/galeria-de-eventos\/","og_locale":"en_US","og_type":"article","og_title":"Galer\u00eda de eventos - Carlos Aguirre","og_description":"Galer\u00eda de eventos Las Vegas &#8211; Octubre 2023 Las Vegas &#8211; Octubre 2023 Ver im\u00e1genes https:\/\/aguirrecarlos.com\/wp-content\/uploads\/2023\/10\/Las-vegas2.jpeg 822 1024 Carlos Aguirre Carlos Aguirre https:\/\/aguirrecarlos.com\/wp-content\/uploads\/2023\/10\/Las-vegas2.jpeg 22 octubre, 2023 26 octubre, 2023 Contacto [&hellip;]","og_url":"https:\/\/aguirrecarlos.com\/en\/galeria-de-eventos\/","og_site_name":"Carlos Aguirre","article_modified_time":"2023-12-04T15:05:38+00:00","og_image":[{"width":820,"height":602,"url":"https:\/\/aguirrecarlos.com\/wp-content\/uploads\/2023\/09\/carlos-aguirre.png","type":"image\/png"}],"twitter_card":"summary_large_image","twitter_site":"@aguirrejcarlos","twitter_misc":{"Est. reading time":"1 minute"},"schema":{"@context":"https:\/\/schema.org","@graph":[{"@type":"WebPage","@id":"https:\/\/aguirrecarlos.com\/galeria-de-eventos\/","url":"https:\/\/aguirrecarlos.com\/galeria-de-eventos\/","name":"Galer\u00eda de eventos - Carlos Aguirre","isPartOf":{"@id":"https:\/\/aguirrecarlos.com\/#website"},"primaryImageOfPage":{"@id":"https:\/\/aguirrecarlos.com\/galeria-de-eventos\/#primaryimage"},"image":{"@id":"https:\/\/aguirrecarlos.com\/galeria-de-eventos\/#primaryimage"},"thumbnailUrl":"https:\/\/aguirrecarlos.com\/wp-content\/uploads\/2023\/09\/carlos-aguirre.png","datePublished":"2023-10-22T01:41:54+00:00","dateModified":"2023-12-04T15:05:38+00:00","breadcrumb":{"@id":"https:\/\/aguirrecarlos.com\/galeria-de-eventos\/#breadcrumb"},"inLanguage":"en-US","potentialAction":[{"@type":"ReadAction","target":["https:\/\/aguirrecarlos.com\/galeria-de-eventos\/"]}]},{"@type":"ImageObject","inLanguage":"en-US","@id":"https:\/\/aguirrecarlos.com\/galeria-de-eventos\/#primaryimage","url":"https:\/\/aguirrecarlos.com\/wp-content\/uploads\/2023\/09\/carlos-aguirre.png","contentUrl":"https:\/\/aguirrecarlos.com\/wp-content\/uploads\/2023\/09\/carlos-aguirre.png","width":820,"height":602},{"@type":"BreadcrumbList","@id":"https:\/\/aguirrecarlos.com\/galeria-de-eventos\/#breadcrumb","itemListElement":[{"@type":"ListItem","position":1,"name":"Inicio","item":"https:\/\/aguirrecarlos.com\/"},{"@type":"ListItem","position":2,"name":"Galer\u00eda de eventos"}]},{"@type":"WebSite","@id":"https:\/\/aguirrecarlos.com\/#website","url":"https:\/\/aguirrecarlos.com\/","name":"Carlos Aguirre","description":"Psicoterapeuta, Coach Ejecutivo &amp; Life Coach","publisher":{"@id":"https:\/\/aguirrecarlos.com\/#\/schema\/person\/be696de68cb093e4a4b2e0a742173c76"},"alternateName":"Aguirre Carlos","potentialAction":[{"@type":"SearchAction","target":{"@type":"EntryPoint","urlTemplate":"https:\/\/aguirrecarlos.com\/?s={search_term_string}"},"query-input":{"@type":"PropertyValueSpecification","valueRequired":true,"valueName":"search_term_string"}}],"inLanguage":"en-US"},{"@type":["Person","Organization"],"@id":"https:\/\/aguirrecarlos.com\/#\/schema\/person\/be696de68cb093e4a4b2e0a742173c76","name":"Carlos Aguirre Jim\u00e9nez","image":{"@type":"ImageObject","inLanguage":"en-US","@id":"https:\/\/aguirrecarlos.com\/#\/schema\/person\/image\/","url":"https:\/\/aguirrecarlos.com\/wp-content\/uploads\/2023\/09\/carlos-aguirre.png","contentUrl":"https:\/\/aguirrecarlos.com\/wp-content\/uploads\/2023\/09\/carlos-aguirre.png","width":820,"height":602,"caption":"Carlos Aguirre Jim\u00e9nez"},"logo":{"@id":"https:\/\/aguirrecarlos.com\/#\/schema\/person\/image\/"},"description":"Psicoterapeuta cl\u00ednico con entrenamiento avanzado en Hipnosis Ericksoneana por el Centro Mexicano de PNL. Coach ejecutivo y facilitador de programas de formaci\u00f3n y desarrollo de talento.","sameAs":["https:\/\/aguirrecarlos.com","https:\/\/www.instagram.com\/carlosaguirre965\/","https:\/\/www.linkedin.com\/in\/carlos-aguirre-51b1bb143\/","https:\/\/x.com\/aguirrejcarlos"]}]}},"_links":{"self":[{"href":"https:\/\/aguirrecarlos.com\/en\/wp-json\/wp\/v2\/pages\/9085","targetHints":{"allow":["GET"]}}],"collection":[{"href":"https:\/\/aguirrecarlos.com\/en\/wp-json\/wp\/v2\/pages"}],"about":[{"href":"https:\/\/aguirrecarlos.com\/en\/wp-json\/wp\/v2\/types\/page"}],"author":[{"embeddable":true,"href":"https:\/\/aguirrecarlos.com\/en\/wp-json\/wp\/v2\/users\/1"}],"replies":[{"embeddable":true,"href":"https:\/\/aguirrecarlos.com\/en\/wp-json\/wp\/v2\/comments?post=9085"}],"version-history":[{"count":37,"href":"https:\/\/aguirrecarlos.com\/en\/wp-json\/wp\/v2\/pages\/9085\/revisions"}],"predecessor-version":[{"id":9150,"href":"https:\/\/aguirrecarlos.com\/en\/wp-json\/wp\/v2\/pages\/9085\/revisions\/9150"}],"wp:featuredmedia":[{"embeddable":true,"href":"https:\/\/aguirrecarlos.com\/en\/wp-json\/wp\/v2\/media\/8218"}],"wp:attachment":[{"href":"https:\/\/aguirrecarlos.com\/en\/wp-json\/wp\/v2\/media?parent=9085"}],"curies":[{"name":"wp","href":"https:\/\/api.w.org\/{rel}","templated":true}]}}